{"id":85,"date":"2025-07-21T15:49:00","date_gmt":"2025-07-21T15:49:00","guid":{"rendered":"https:\/\/esyraidy.com\/?page_id=85"},"modified":"2026-04-12T23:39:51","modified_gmt":"2026-04-12T23:39:51","slug":"envia-un-email-contandome-de-tu-proyecto-y-te-hare-llegar-mi-portafolio","status":"publish","type":"page","link":"https:\/\/esyraidy.com\/index.php\/envia-un-email-contandome-de-tu-proyecto-y-te-hare-llegar-mi-portafolio\/","title":{"rendered":""},"content":{"rendered":"\n<p><\/p>\n\n\n\n<h1 class=\"wp-block-heading\">Sobre m\u00ed<\/h1>\n\n\n\n<p><mark style=\"background-color:rgba(0, 0, 0, 0)\" class=\"has-inline-color has-contrast-2-color\">Soy una asistente virtual con m\u00e1s de siete a\u00f1os de experiencia colaborando en proyectos de salud, negocios y personal administrativo.<\/mark><\/p>\n\n\n\n<p class=\"has-text-align-left\"><mark style=\"background-color:rgba(0, 0, 0, 0)\" class=\"has-inline-color has-contrast-2-color\">En mi experiencia he ofrecido servicios en creaci\u00f3n de <strong>landing page, investigaci\u00f3n, redacci\u00f3n de contenido, manejo de agendas, creaci\u00f3n de contenido para sitios web, copywriter, programaci\u00f3n y publicaci\u00f3n de contenido para redes sociales y blogs, setter de ventas y atenci\u00f3n al cliente por CRM, facebook, tik tok, email e instagram<\/strong>.<\/mark><\/p>\n\n\n\n<p><\/p>\n\n\n\n<h2 class=\"wp-block-heading has-text-align-left\"><mark style=\"background-color:rgba(0, 0, 0, 0)\" class=\"has-inline-color has-contrast-2-color\">Habilidades<\/mark><\/h2>\n\n\n\n<ul class=\"wp-block-list\">\n<li><mark style=\"background-color:rgba(0, 0, 0, 0)\" class=\"has-inline-color has-contrast-2-color\">Gesti\u00f3n de tiempo y comunicaci\u00f3n<\/mark><\/li>\n\n\n\n<li><mark style=\"background-color:rgba(0, 0, 0, 0)\" class=\"has-inline-color has-contrast-2-color\">Adaptaci\u00f3n a nuevas herramientas tecnol\u00f3gicas<\/mark><\/li>\n\n\n\n<li><mark style=\"background-color:rgba(0, 0, 0, 0)\" class=\"has-inline-color has-contrast-2-color\">Atenci\u00f3n al detalle<\/mark><\/li>\n<\/ul>\n\n\n\n<p><\/p>\n\n\n\n<h2 class=\"wp-block-heading has-text-align-left\"><mark style=\"background-color:rgba(0, 0, 0, 0)\" class=\"has-inline-color has-contrast-2-color\">Herramientas utilizadas<\/mark><\/h2>\n\n\n\n<figure class=\"wp-block-table\"><table class=\"has-fixed-layout\"><tbody><tr><td class=\"has-text-align-center\" data-align=\"center\"><img loading=\"lazy\" decoding=\"async\" width=\"150\" height=\"75\" class=\"wp-image-115\" style=\"width: 150px;\" src=\"https:\/\/esyraidy.com\/wp-content\/uploads\/2026\/01\/descarga.png\" alt=\"\" srcset=\"https:\/\/esyraidy.com\/wp-content\/uploads\/2026\/01\/descarga.png 318w, https:\/\/esyraidy.com\/wp-content\/uploads\/2026\/01\/descarga-300x150.png 300w\" sizes=\"auto, (max-width: 150px) 100vw, 150px\" \/><\/td><td class=\"has-text-align-center\" data-align=\"center\"><img loading=\"lazy\" decoding=\"async\" width=\"150\" height=\"68\" class=\"wp-image-116\" style=\"width: 150px;\" src=\"https:\/\/esyraidy.com\/wp-content\/uploads\/2026\/01\/images.png\" alt=\"\" srcset=\"https:\/\/esyraidy.com\/wp-content\/uploads\/2026\/01\/images.png 334w, https:\/\/esyraidy.com\/wp-content\/uploads\/2026\/01\/images-300x136.png 300w\" sizes=\"auto, (max-width: 150px) 100vw, 150px\" \/><\/td><td class=\"has-text-align-center\" data-align=\"center\"><img loading=\"lazy\" decoding=\"async\" width=\"150\" height=\"75\" class=\"wp-image-117\" style=\"width: 150px;\" src=\"https:\/\/esyraidy.com\/wp-content\/uploads\/2026\/01\/descarga-1.png\" alt=\"\" srcset=\"https:\/\/esyraidy.com\/wp-content\/uploads\/2026\/01\/descarga-1.png 318w, https:\/\/esyraidy.com\/wp-content\/uploads\/2026\/01\/descarga-1-300x150.png 300w\" sizes=\"auto, (max-width: 150px) 100vw, 150px\" \/><\/td><\/tr><tr><td class=\"has-text-align-center\" data-align=\"center\"><img loading=\"lazy\" decoding=\"async\" width=\"150\" height=\"79\" class=\"wp-image-118\" style=\"width: 150px;\" src=\"https:\/\/esyraidy.com\/wp-content\/uploads\/2026\/01\/descarga-2.png\" alt=\"\" srcset=\"https:\/\/esyraidy.com\/wp-content\/uploads\/2026\/01\/descarga-2.png 310w, https:\/\/esyraidy.com\/wp-content\/uploads\/2026\/01\/descarga-2-300x158.png 300w\" sizes=\"auto, (max-width: 150px) 100vw, 150px\" \/><\/td><td class=\"has-text-align-center\" data-align=\"center\"><img loading=\"lazy\" decoding=\"async\" width=\"150\" height=\"84\" class=\"wp-image-119\" style=\"width: 150px;\" src=\"https:\/\/esyraidy.com\/wp-content\/uploads\/2026\/01\/images-1.png\" alt=\"\"><\/td><td class=\"has-text-align-center\" data-align=\"center\"><img loading=\"lazy\" decoding=\"async\" width=\"150\" height=\"84\" class=\"wp-image-122\" style=\"width: 150px;\" src=\"https:\/\/esyraidy.com\/wp-content\/uploads\/2026\/01\/Banner-Software-Ruano-Office-365l.jpg\" alt=\"\" srcset=\"https:\/\/esyraidy.com\/wp-content\/uploads\/2026\/01\/Banner-Software-Ruano-Office-365l.jpg 600w, https:\/\/esyraidy.com\/wp-content\/uploads\/2026\/01\/Banner-Software-Ruano-Office-365l-300x167.jpg 300w\" sizes=\"auto, (max-width: 150px) 100vw, 150px\" \/><\/td><\/tr><tr><td class=\"has-text-align-center\" data-align=\"center\"><img loading=\"lazy\" decoding=\"async\" width=\"150\" height=\"81\" class=\"wp-image-124\" style=\"width: 150px;\" src=\"https:\/\/esyraidy.com\/wp-content\/uploads\/2026\/01\/images-4.png\" alt=\"\" srcset=\"https:\/\/esyraidy.com\/wp-content\/uploads\/2026\/01\/images-4.png 306w, https:\/\/esyraidy.com\/wp-content\/uploads\/2026\/01\/images-4-300x162.png 300w\" sizes=\"auto, (max-width: 150px) 100vw, 150px\" \/><\/td><td class=\"has-text-align-center\" data-align=\"center\"><img loading=\"lazy\" decoding=\"async\" width=\"150\" height=\"150\" class=\"wp-image-125\" style=\"width: 150px;\" src=\"https:\/\/esyraidy.com\/wp-content\/uploads\/2026\/01\/canva-Screenshot_5.avif\" alt=\"\" srcset=\"https:\/\/esyraidy.com\/wp-content\/uploads\/2026\/01\/canva-Screenshot_5.avif 224w, https:\/\/esyraidy.com\/wp-content\/uploads\/2026\/01\/canva-Screenshot_5-150x150.avif 150w\" sizes=\"auto, (max-width: 150px) 100vw, 150px\" \/><\/td><td class=\"has-text-align-center\" data-align=\"center\"><img loading=\"lazy\" decoding=\"async\" width=\"150\" height=\"84\" class=\"wp-image-127\" style=\"width: 150px;\" src=\"https:\/\/esyraidy.com\/wp-content\/uploads\/2026\/01\/images-5.png\" alt=\"\"><\/td><\/tr><tr><td class=\"has-text-align-center\" data-align=\"center\"><img loading=\"lazy\" decoding=\"async\" width=\"150\" height=\"49\" class=\"wp-image-150\" style=\"width: 150px;\" src=\"https:\/\/esyraidy.com\/wp-content\/uploads\/2026\/04\/images-6.png\" alt=\"\" srcset=\"https:\/\/esyraidy.com\/wp-content\/uploads\/2026\/04\/images-6.png 391w, https:\/\/esyraidy.com\/wp-content\/uploads\/2026\/04\/images-6-300x99.png 300w\" sizes=\"auto, (max-width: 150px) 100vw, 150px\" \/><\/td><td class=\"has-text-align-center\" data-align=\"center\"><img loading=\"lazy\" decoding=\"async\" width=\"150\" height=\"78\" class=\"wp-image-151\" style=\"width: 150px;\" src=\"https:\/\/esyraidy.com\/wp-content\/uploads\/2026\/04\/hotmart-1.png\" alt=\"\" srcset=\"https:\/\/esyraidy.com\/wp-content\/uploads\/2026\/04\/hotmart-1.png 900w, https:\/\/esyraidy.com\/wp-content\/uploads\/2026\/04\/hotmart-1-300x157.png 300w, https:\/\/esyraidy.com\/wp-content\/uploads\/2026\/04\/hotmart-1-768x401.png 768w\" sizes=\"auto, (max-width: 150px) 100vw, 150px\" \/><\/td><td class=\"has-text-align-center\" data-align=\"center\"><img loading=\"lazy\" decoding=\"async\" width=\"150\" height=\"67\" class=\"wp-image-152\" style=\"width: 150px;\" src=\"https:\/\/esyraidy.com\/wp-content\/uploads\/2026\/04\/images-7.png\" alt=\"\" srcset=\"https:\/\/esyraidy.com\/wp-content\/uploads\/2026\/04\/images-7.png 337w, https:\/\/esyraidy.com\/wp-content\/uploads\/2026\/04\/images-7-300x134.png 300w\" sizes=\"auto, (max-width: 150px) 100vw, 150px\" \/><\/td><\/tr><\/tbody><\/table><\/figure>\n\n\n\n<h2 class=\"wp-block-heading has-text-align-left\"><mark style=\"background-color:rgba(0, 0, 0, 0)\" class=\"has-inline-color has-contrast-2-color\">Algunos de mis trabajos<\/mark><\/h2>\n\n\n\n<ul class=\"wp-block-list is-style-star\">\n<li><a href=\"https:\/\/afrofeminas.com\/2019\/06\/20\/en-venezuela-la-mujer-negra-si-sufre-discriminacion\/comment-page-1\/#:~:text=Lastimosamente%2C%20la%20lucha%20del%20negro,usen%20su%20cabello%20afro%20natural.\"><mark style=\"background-color:rgba(0, 0, 0, 0)\" class=\"has-inline-color has-contrast-2-color\">Redacci\u00f3n para sitio web<\/mark><\/a><\/li>\n\n\n\n<li><a href=\"https:\/\/drive.google.com\/drive\/folders\/1u-VyNCgEm_WohHQUCzu_DtWAyHjVediC?usp=drive_link\"><mark style=\"background-color:rgba(0, 0, 0, 0)\" class=\"has-inline-color has-contrast-2-color\">Copywriter para carrusel, tarjeta y video<\/mark><\/a><\/li>\n\n\n\n<li><a href=\"https:\/\/oligocheck.es\/oligoelementos-y-oligocheck-dos-pilares-claves-para-una-nutricion-inteligente\/\"><mark style=\"background-color:rgba(0, 0, 0, 0)\" class=\"has-inline-color has-contrast-color\">Redacci\u00f3n para blog en wordpress<\/mark><\/a><\/li>\n<\/ul>\n\n\n\n<p><\/p>\n\n\n\n<p><\/p>\n\n\n\n\n\n<hr class=\"wp-block-separator has-alpha-channel-opacity\"\/>\n\n\n\n<p><\/p>\n\n\n\n<p><\/p>\n\n\n\n<h2 class=\"wp-block-heading has-text-align-center\"><strong><mark style=\"background-color:#ffffff\" class=\"has-inline-color has-contrast-2-color\">\u00a1Cont\u00e1ctame y <\/mark><mark style=\"background-color:#ffffff\" class=\"has-inline-color has-accent-3-color\">conoce c\u00f3mo puedo<\/mark><mark style=\"background-color:#ffffff\" class=\"has-inline-color has-contrast-2-color\"> apoyar en tu proyecto<\/mark><\/strong><\/h2>\n\n\n\n<p><\/p>\n","protected":false},"excerpt":{"rendered":"<p>Sobre m\u00ed Soy una asistente virtual con m\u00e1s de siete a\u00f1os de experiencia colaborando en proyectos de salud, negocios y personal administrativo. En mi experiencia he ofrecido servicios en creaci\u00f3n de landing page, investigaci\u00f3n, redacci\u00f3n de contenido, manejo de agendas, creaci\u00f3n de contenido para sitios web, copywriter, programaci\u00f3n y publicaci\u00f3n de contenido para redes sociales [&hellip;]<\/p>\n","protected":false},"author":1,"featured_media":0,"parent":0,"menu_order":0,"comment_status":"closed","ping_status":"closed","template":"","meta":{"footnotes":"[]"},"class_list":["post-85","page","type-page","status-publish","hentry"],"_links":{"self":[{"href":"https:\/\/esyraidy.com\/index.php\/wp-json\/wp\/v2\/pages\/85","targetHints":{"allow":["GET"]}}],"collection":[{"href":"https:\/\/esyraidy.com\/index.php\/wp-json\/wp\/v2\/pages"}],"about":[{"href":"https:\/\/esyraidy.com\/index.php\/wp-json\/wp\/v2\/types\/page"}],"author":[{"embeddable":true,"href":"https:\/\/esyraidy.com\/index.php\/wp-json\/wp\/v2\/users\/1"}],"replies":[{"embeddable":true,"href":"https:\/\/esyraidy.com\/index.php\/wp-json\/wp\/v2\/comments?post=85"}],"version-history":[{"count":19,"href":"https:\/\/esyraidy.com\/index.php\/wp-json\/wp\/v2\/pages\/85\/revisions"}],"predecessor-version":[{"id":153,"href":"https:\/\/esyraidy.com\/index.php\/wp-json\/wp\/v2\/pages\/85\/revisions\/153"}],"wp:attachment":[{"href":"https:\/\/esyraidy.com\/index.php\/wp-json\/wp\/v2\/media?parent=85"}],"curies":[{"name":"wp","href":"https:\/\/api.w.org\/{rel}","templated":true}]}}